{"id":17338,"date":"2017-09-05T08:44:11","date_gmt":"2017-09-05T08:44:11","guid":{"rendered":"http:\/\/raisfundacion.org\/nuevaWeb\/?page_id=17338"},"modified":"2023-08-04T11:32:09","modified_gmt":"2023-08-04T11:32:09","slug":"partnerships","status":"publish","type":"page","link":"https:\/\/hogarsi.org\/en\/partnerships\/","title":{"rendered":"Partnerships"},"content":{"rendered":"<p>[vc_row row_type=&#8221;parallax&#8221; content_aligment=&#8221;center&#8221; full_screen_section_height=&#8221;no&#8221; css=&#8221;.vc_custom_1691148726658{background: #dbdbdb url(https:\/\/hogarsi.org\/wp-content\/uploads\/2017\/09\/18.png?id=19024) !important;background-position: center !important;background-repeat: no-repeat !important;background-size: cover !important;}&#8221; el_class=&#8221;altu4 header-landing&#8221;][vc_column width=&#8221;2\/3&#8243;][vc_row_inner][vc_column_inner width=&#8221;1\/6&#8243;][\/vc_column_inner][vc_column_inner el_class=&#8221;stop&#8221; width=&#8221;2\/3&#8243; css=&#8221;.vc_custom_1516286376352{margin-left: 4% !important;}&#8221;][vc_column_text]<\/p>\n<h1 class=\"titbanner highlight highlight-shadow lineadeprueba\">WE CAN<br \/>\nMAKE IT TOGETHER<\/h1>\n<p>[\/vc_column_text][vc_empty_space height=&#8221;100px&#8221;][\/vc_column_inner][\/vc_row_inner][\/vc_column][vc_column width=&#8221;1\/6&#8243;][\/vc_column][\/vc_row][vc_row content_width=&#8221;grid&#8221; css=&#8221;.vc_custom_1512400518330{padding-top: 50px !important;padding-bottom: 50px !important;background-color: #dbdbdb !important;}&#8221;][vc_column width=&#8221;1\/12&#8243;][\/vc_column][vc_column width=&#8221;1\/4&#8243;][vc_column_text]<\/p>\n<h2>WE CAN\u2019T ALONE, BUT WITH PARTNERS, WE CAN<\/h2>\n<p>[\/vc_column_text][\/vc_column][vc_column width=&#8221;2\/3&#8243;][vc_column_text]<\/p>\n<p style=\"text-align: left; color: #000;\">Not only do we opt for partnerships focused on the cause of homelessness, but we do believe in the need to generate <span style=\"font-weight: bold;\">networks and partnerships to defend and promote rights<\/span>. It is the only way for our fight against homelessness to connect with social movements and with any organizations committed with social change.<\/p>\n<p>[\/vc_column_text][\/vc_column][\/vc_row][vc_row content_width=&#8221;grid&#8221; content_aligment=&#8221;center&#8221; css=&#8221;.vc_custom_1504600699754{padding-top: 100px !important;padding-bottom: 100px !important;background-color: #dbdbdb !important;}&#8221;][vc_column width=&#8221;1\/2&#8243;][vc_single_image image=&#8221;19001&#8243; img_size=&#8221;461&#215;345&#8243;][vc_empty_space height=&#8221;30px&#8221;][vc_column_text]<\/p>\n<h2 style=\"text-align: left;\">PROVIVIENDA<\/h2>\n<p>[\/vc_column_text][vc_empty_space height=&#8221;30px&#8221;][vc_column_text]<\/p>\n<p style=\"text-align: left;\">Both entities are determined to develop the new Housing First intervention model in Spain. This collaboration wants to maximize the impact of the <a href=\"https:\/\/hogarsi.org\/en\/habitat\/\" target=\"_blank\" rel=\"noopener noreferrer\">H\u00e1bitat<\/a> (program) thanks to the specialization of <span style=\"font-weight: bold;\">Asociaci\u00f3n Provivienda <\/span> and <span style=\"font-weight: bold;\">HOGAR S\u00cd<\/span> in their fields of action.<\/p>\n<p>[\/vc_column_text][vc_empty_space height=&#8221;30px&#8221;][vc_empty_space height=&#8221;25px&#8221;][vc_column_text]<\/p>\n<p style=\"text-align: left;\"><a style=\"padding: 10px; font-family: oswald; font-weight: bold;\" href=\"https:\/\/www.provivienda.org\/alquila-tu-vivienda-con-provivienda-a-traves-del-programa-housing-first\/\" target=\"_blank\" rel=\"noopener noreferrer\">GO TO THE WEB<\/a><\/p>\n<p>[\/vc_column_text][vc_empty_space height=&#8221;80px&#8221;][\/vc_column][vc_column width=&#8221;1\/2&#8243;][vc_single_image image=&#8221;19019&#8243; img_size=&#8221;461&#215;345&#8243;][vc_empty_space height=&#8221;30px&#8221;][vc_column_text]<\/p>\n<h2 style=\"text-align: left;\">MAAS FOUNDATION<\/h2>\n<p>[\/vc_column_text][vc_empty_space height=&#8221;30px&#8221;][vc_column_text]<\/p>\n<p style=\"text-align: left;\"><span style=\"font-weight: bold;\">The health of the homeless as priority<\/span>. The Mar\u00eda Asunci\u00f3n Almajano Salvo Foundation collaborates with HOGAR S\u00cd to develop new excellence initiatives in the residential treatment of homeless people that are convalescent, suffer from chronic diseases of that require palliative care, giving a special attention to oncohematologic patients.<\/p>\n<p>[\/vc_column_text][vc_empty_space height=&#8221;30px&#8221;][vc_column_text]<\/p>\n<p style=\"text-align: left;\"><a style=\"padding: 10px; font-family: oswald; font-weight: bold;\" href=\"https:\/\/asun4.org\/fines-y-actividades\/area-social\/hogar-asun-almajano\/\" target=\"_blank\" rel=\"noopener noreferrer\">GO TO THE WEB<\/a><\/p>\n<p>[\/vc_column_text][vc_empty_space height=&#8221;80px&#8221;][\/vc_column][\/vc_row][vc_row content_width=&#8221;grid&#8221; css=&#8221;.vc_custom_1610370062253{padding-top: 200px !important;padding-bottom: 200px !important;background: rgba(0,0,0,0.6) url(https:\/\/hogarsi.org\/en\/wp-content\/uploads\/2017\/09\/fondo_caja_alianzas_update.png?id=19566) !important;background-position: center !important;background-repeat: no-repeat !important;background-size: cover !important;*background-color: rgb(0,0,0) !important;}&#8221; el_class=&#8221;oscurecer&#8221;][vc_column width=&#8221;1\/4&#8243;][\/vc_column][vc_column width=&#8221;1\/2&#8243;][vc_column_text]<\/p>\n<h2 style=\"color: #d9017a; margin-top: 80px; margin-bottom: 30px; text-align: center; text-transform: uppercase;\">It is part of the solution to homelessness<\/h2>\n<p>[\/vc_column_text][vc_column_text]<\/p>\n<p style=\"text-align: center; color: #fff;\">There are more and more entities that commit to <span style=\"font-weight: bold;\">solve a social problem as severe as homelessness<\/span>. Your collaboration is essential so that no one lives on the street.<\/p>\n<p>[\/vc_column_text][vc_empty_space][vc_column_text]<\/p>\n<p style=\"text-align: center; color: #fff; font-weight: bold;\">Become a HOGAR S\u00cd member. We can\u2019t alone, with you YES.<\/p>\n<p>[\/vc_column_text][vc_empty_space][\/vc_column][vc_column width=&#8221;1\/4&#8243;][\/vc_column][vc_column][vc_row_inner][vc_column_inner][vc_raw_html]JTNDcCUyMHN0eWxlJTNEJTIydGV4dC1hbGlnbiUzQSUyMGNlbnRlciUzQiUyMGRpc3BsYXklM0ElMjB0YWJsZSUzQiUyMG1hcmdpbiUzQSUyMGF1dG8lM0IlMjIlM0UlM0NhJTIwY2xhc3MlM0QlMjJidXR0b24lMjBidXR0b24tLXJvc2ElMjBidXR0b24tLWJvcmRlci10aGluJTIwYnV0dG9uLS10ZXh0LXRoaWNrJTIwYnV0dG9uLS10ZXh0LXVwcGVyJTIwYnV0dG9uLS1zaXplLXMlMjB0ZXh0LWNlbnRlciUyMiUyMHN0eWxlJTNEJTIycGFkZGluZyUzQTEwcHglMjAzMHB4JTNCbWFyZ2luLWJvdHRvbSUzQSUyMDcwcHglM0J0ZXh0LWFsaWduJTNBY2VudGVyJTNCJTIyJTIwaHJlZiUzRCUyMiUyRmVuJTJGYmVjb21lLW1lbWJlciUyRiUyMiUyMGRhdGEtdGV4dCUzRCUyMkJFQ09NRSUyMEElMjBNRU1CRVIlMjIlM0VCRUNPTUUlMjBBJTIwTUVNQkVSJTNDJTJGYSUzRSUzQ3AlM0U=[\/vc_raw_html][\/vc_column_inner][\/vc_row_inner][\/vc_column][\/vc_row][vc_row content_width=&#8221;grid&#8221; css=&#8221;.vc_custom_1504261801626{padding-top: 50px !important;background-color: #000000 !important;}&#8221;][vc_column][vc_single_image image=&#8221;20237&#8243; img_size=&#8221;medium&#8221; onclick=&#8221;custom_link&#8221; link=&#8221;http:\/\/hogarsi.org\/&#8221;][\/vc_column][\/vc_row]<\/p>\n","protected":false},"excerpt":{"rendered":"<p>[vc_row row_type=&#8221;parallax&#8221; content_aligment=&#8221;center&#8221; full_screen_section_height=&#8221;no&#8221; css=&#8221;.vc_custom_1691148726658{background: #dbdbdb url(https:\/\/hogarsi.org\/wp-content\/uploads\/2017\/09\/18.png?id=19024) !important;background-position: center !important;background-repeat: no-repeat !important;background-size: cover !important;}&#8221; el_class=&#8221;altu4 header-landing&#8221;][vc_column width=&#8221;2\/3&#8243;][vc_row_inner][vc_column_inner width=&#8221;1\/6&#8243;][\/vc_column_inner][vc_column_inner el_class=&#8221;stop&#8221; width=&#8221;2\/3&#8243; css=&#8221;.vc_custom_1516286376352{margin-left: 4% !important;}&#8221;][vc_column_text] WE CAN MAKE IT TOGETHER [\/vc_column_text][vc_empty_space height=&#8221;100px&#8221;][\/vc_column_inner][\/vc_row_inner][\/vc_column][vc_column width=&#8221;1\/6&#8243;][\/vc_column][\/vc_row][vc_row content_width=&#8221;grid&#8221; css=&#8221;.vc_custom_1512400518330{padding-top: 50px !important;padding-bottom: 50px !important;background-color: #dbdbdb !important;}&#8221;][vc_column width=&#8221;1\/12&#8243;][\/vc_column][vc_column width=&#8221;1\/4&#8243;][vc_column_text] WE CAN\u2019T ALONE, BUT WITH PARTNERS, WE CAN [\/vc_column_text][\/vc_column][vc_column width=&#8221;2\/3&#8243;][vc_column_text] Not only do we&#8230;<\/p>\n","protected":false},"author":14,"featured_media":0,"parent":0,"menu_order":0,"comment_status":"closed","ping_status":"closed","template":"full-width.php","meta":{"_mi_skip_tracking":false},"yoast_head":"<!-- This site is optimized with the Yoast SEO plugin v16.5 - https:\/\/yoast.com\/wordpress\/plugins\/seo\/ -->\n<title>Partnerships - HOGAR S\u00cd<\/title>\n<meta name=\"description\" content=\"TOGETHER WE CAN GET IT, ONLY NOT. YOU ARE OUR ALLIES.\" \/>\n<meta name=\"robots\" content=\"index, follow, max-snippet:-1, max-image-preview:large, max-video-preview:-1\" \/>\n<link rel=\"canonical\" href=\"https:\/\/hogarsi.org\/en\/partnerships\/\" \/>\n<meta property=\"og:locale\" content=\"es_ES\" \/>\n<meta property=\"og:type\" content=\"article\" \/>\n<meta property=\"og:title\" content=\"Partnerships - HOGAR S\u00cd\" \/>\n<meta property=\"og:description\" content=\"TOGETHER WE CAN GET IT, ONLY NOT. YOU ARE OUR ALLIES.\" \/>\n<meta property=\"og:url\" content=\"https:\/\/hogarsi.org\/en\/partnerships\/\" \/>\n<meta property=\"og:site_name\" content=\"HOGAR S\u00cd\" \/>\n<meta property=\"article:modified_time\" content=\"2023-08-04T11:32:09+00:00\" \/>\n<meta name=\"twitter:card\" content=\"summary_large_image\" \/>\n<meta name=\"twitter:label1\" content=\"Tiempo de lectura\" \/>\n\t<meta name=\"twitter:data1\" content=\"2 minutos\" \/>\n<script type=\"application\/ld+json\" class=\"yoast-schema-graph\">{\"@context\":\"https:\/\/schema.org\",\"@graph\":[{\"@type\":\"WebSite\",\"@id\":\"https:\/\/hogarsi.org\/en\/#website\",\"url\":\"https:\/\/hogarsi.org\/en\/\",\"name\":\"HOGAR S\\u00cd\",\"description\":\"HOGAR S\\u00cd\",\"potentialAction\":[{\"@type\":\"SearchAction\",\"target\":\"https:\/\/hogarsi.org\/en\/?s={search_term_string}\",\"query-input\":\"required name=search_term_string\"}],\"inLanguage\":\"es\"},{\"@type\":\"WebPage\",\"@id\":\"https:\/\/hogarsi.org\/en\/partnerships\/#webpage\",\"url\":\"https:\/\/hogarsi.org\/en\/partnerships\/\",\"name\":\"Partnerships - HOGAR S\\u00cd\",\"isPartOf\":{\"@id\":\"https:\/\/hogarsi.org\/en\/#website\"},\"datePublished\":\"2017-09-05T08:44:11+00:00\",\"dateModified\":\"2023-08-04T11:32:09+00:00\",\"description\":\"TOGETHER WE CAN GET IT, ONLY NOT. YOU ARE OUR ALLIES.\",\"breadcrumb\":{\"@id\":\"https:\/\/hogarsi.org\/en\/partnerships\/#breadcrumb\"},\"inLanguage\":\"es\",\"potentialAction\":[{\"@type\":\"ReadAction\",\"target\":[\"https:\/\/hogarsi.org\/en\/partnerships\/\"]}]},{\"@type\":\"BreadcrumbList\",\"@id\":\"https:\/\/hogarsi.org\/en\/partnerships\/#breadcrumb\",\"itemListElement\":[{\"@type\":\"ListItem\",\"position\":1,\"name\":\"Portada\",\"item\":\"https:\/\/hogarsi.org\/en\/\"},{\"@type\":\"ListItem\",\"position\":2,\"name\":\"Partnerships\"}]}]}<\/script>\n<!-- \/ Yoast SEO plugin. -->","_links":{"self":[{"href":"https:\/\/hogarsi.org\/en\/wp-json\/wp\/v2\/pages\/17338"}],"collection":[{"href":"https:\/\/hogarsi.org\/en\/wp-json\/wp\/v2\/pages"}],"about":[{"href":"https:\/\/hogarsi.org\/en\/wp-json\/wp\/v2\/types\/page"}],"author":[{"embeddable":true,"href":"https:\/\/hogarsi.org\/en\/wp-json\/wp\/v2\/users\/14"}],"replies":[{"embeddable":true,"href":"https:\/\/hogarsi.org\/en\/wp-json\/wp\/v2\/comments?post=17338"}],"version-history":[{"count":64,"href":"https:\/\/hogarsi.org\/en\/wp-json\/wp\/v2\/pages\/17338\/revisions"}],"predecessor-version":[{"id":20882,"href":"https:\/\/hogarsi.org\/en\/wp-json\/wp\/v2\/pages\/17338\/revisions\/20882"}],"wp:attachment":[{"href":"https:\/\/hogarsi.org\/en\/wp-json\/wp\/v2\/media?parent=17338"}],"curies":[{"name":"wp","href":"https:\/\/api.w.org\/{rel}","templated":true}]}}