{"id":17514,"date":"2017-09-06T11:16:23","date_gmt":"2017-09-06T11:16:23","guid":{"rendered":"http:\/\/raisfundacion.org\/nuevaWeb\/?page_id=17514"},"modified":"2023-08-04T11:08:11","modified_gmt":"2023-08-04T11:08:11","slug":"press-room","status":"publish","type":"page","link":"https:\/\/hogarsi.org\/en\/press-room\/","title":{"rendered":"Press room"},"content":{"rendered":"<p>[vc_row row_type=&#8221;parallax&#8221; content_width=&#8221;grid&#8221; full_screen_section_height=&#8221;no&#8221; css=&#8221;.vc_custom_1691147289098{background: #dbdbdb url(http:\/\/hogarsi.org\/wp-content\/uploads\/2017\/09\/F4_Pilar_72pp.jpg?id=17516) !important;background-position: center !important;background-repeat: no-repeat !important;background-size: cover !important;}&#8221; el_class=&#8221;altu4 header-landing&#8221;][vc_column width=&#8221;1\/3&#8243;][vc_row_inner][vc_column_inner el_class=&#8221;stop&#8221;][vc_column_text]<\/p>\n<h1 style=\"background-color: #000; color: #fff;\">PRESS ROOM<\/h1>\n<p>[\/vc_column_text][\/vc_column_inner][\/vc_row_inner][\/vc_column][vc_column width=&#8221;1\/3&#8243;][\/vc_column][vc_column width=&#8221;1\/3&#8243;][\/vc_column][\/vc_row][vc_row css=&#8221;.vc_custom_1504259600154{background-color: #dbdbdb !important;}&#8221;][vc_column width=&#8221;1\/4&#8243;][\/vc_column][vc_column width=&#8221;1\/2&#8243;][vc_empty_space][vc_column_text]<\/p>\n<h2 style=\"text-align: center; background: none; color: #000;\">Disseminate homelessness, we need your voice<\/h2>\n<p>[\/vc_column_text][vc_empty_space][vc_column_text]<\/p>\n<p style=\"text-align: left;\" align=\"justify\"><span style=\"color: #000000;\">This space is reserved for professionals of the media and includes different materials (press releases, events agenda, notes\u2026) to facilitate their job. If you need further information, please contact us at <a href=\"mailto:comunicacion@hogarsi.org\">comunicacion@hogarsi.org<\/a> or in the telephone number 911 108 984.<\/span><\/p>\n<p>[\/vc_column_text][vc_empty_space height=&#8221;64px&#8221;][\/vc_column][vc_column width=&#8221;1\/4&#8243;][\/vc_column][\/vc_row][vc_row content_width=&#8221;grid&#8221; css=&#8221;.vc_custom_1506505206956{background-color: #dbdbdb !important;}&#8221;][vc_column][vc_column_text]<\/p>\n<p style=\"text-align: center;\"><style type='text\/css' media='all'>#rt-tpg-container-3456952100 .rt-holder .rt-woo-info .price{color:#000000;}body .rt-tpg-container .rt-tpg-isotope-buttons .selected,\r\n\t\t\t\t\t#rt-tpg-container-3456952100 .layout12 .rt-holder:hover .rt-detail,\r\n\t\t\t\t\t#rt-tpg-container-3456952100 .isotope8 .rt-holder:hover .rt-detail,\r\n\t\t\t\t\t#rt-tpg-container-3456952100 .carousel8 .rt-holder:hover .rt-detail,\r\n\t\t\t\t\t#rt-tpg-container-3456952100 .layout13 .rt-holder .overlay .post-info,\r\n\t\t\t\t\t#rt-tpg-container-3456952100 .isotope9 .rt-holder .overlay .post-info,\r\n\t\t\t\t\t#rt-tpg-container-3456952100.rt-tpg-container .layout4 .rt-holder .rt-detail,\r\n\t\t\t\t\t.rt-modal-3456952100 .md-content,\r\n\t\t\t\t\t.rt-modal-3456952100 .md-content > .rt-md-content-holder .rt-md-content,\r\n\t\t\t\t\t.rt-popup-wrap-3456952100.rt-popup-wrap .rt-popup-navigation-wrap,\r\n\t\t\t\t\t#rt-tpg-container-3456952100 .carousel9 .rt-holder .overlay .post-info{background-color:#000000;}#rt-tpg-container-3456952100 .layout5 .rt-holder .overlay, #rt-tpg-container-3456952100 .isotope2 .rt-holder .overlay, #rt-tpg-container-3456952100 .carousel2 .rt-holder .overlay,#rt-tpg-container-3456952100 .layout15 .rt-holder h3, #rt-tpg-container-3456952100 .isotope11 .rt-holder h3, #rt-tpg-container-3456952100 .carousel11 .rt-holder h3, #rt-tpg-container-3456952100 .layout16 .rt-holder h3,\r\n\t\t\t\t\t#rt-tpg-container-3456952100 .isotope12 .rt-holder h3, #rt-tpg-container-3456952100 .carousel12 .rt-holder h3 {background-color:rgba(0,0,0,0.8);}#rt-tpg-container-3456952100 .pagination-list li a,\r\n\t\t\t\t\trt-tpg-container-3456952100 .pagination-list li span,\r\n\t\t\t\t\trt-tpg-container-3456952100 .pagination li a,\r\n\t\t\t\t\t#rt-tpg-container-3456952100 .rt-tpg-isotope-buttons button,\r\n\t\t\t\t\t#rt-tpg-container-3456952100 .rt-tpg-utility .rt-tpg-load-more button,\r\n\t\t\t\t\t#rt-tpg-container-3456952100.rt-tpg-container .swiper-navigation .slider-btn,\r\n\t\t\t\t\t#rt-tpg-container-3456952100.rt-tpg-container .swiper-pagination-bullet,\r\n\t\t\t\t\t#rt-tpg-container-3456952100 .wc1 .rt-holder .rt-img-holder .overlay .product-more ul li a,\r\n\t\t\t\t\t#rt-tpg-container-3456952100 .wc2 .rt-detail .rt-wc-add-to-cart,\r\n\t\t\t\t\t#rt-tpg-container-3456952100 .wc3 .rt-detail .rt-wc-add-to-cart,\r\n\t\t\t\t\t#rt-tpg-container-3456952100 .wc4 .rt-detail .rt-wc-add-to-cart,\r\n\t\t\t\t\t#rt-tpg-container-3456952100 .wc-carousel2 .rt-detail .rt-wc-add-to-cart,\r\n\t\t\t\t\t#rt-tpg-container-3456952100 .wc-isotope2 .rt-detail .rt-wc-add-to-cart,\r\n\t\t\t\t\t#rt-tpg-container-3456952100 .rt-layout-filter-container .rt-filter-wrap .rt-filter-item-wrap.rt-filter-dropdown-wrap .rt-filter-dropdown,\r\n\t\t\t\t\t#rt-tpg-container-3456952100 .rt-layout-filter-container .rt-filter-sub-tax.sub-button-group .rt-filter-button-item,\r\n\t\t\t\t\t#rt-tpg-container-3456952100.rt-tpg-container .rt-pagination-wrap .rt-page-numbers .paginationjs .paginationjs-pages ul li>a,\r\n\t\t\t\t\t#rt-tpg-container-3456952100 .rt-filter-item-wrap.rt-filter-button-wrap span.rt-filter-button-item,\r\n\t\t\t\t\t#rt-tpg-container-3456952100.rt-tpg-container .rt-pagination-wrap  .rt-loadmore-btn,\r\n\t\t\t\t\t#rt-tpg-container-3456952100.rt-tpg-container .rt-pagination-wrap .rt-cb-page-prev-next > *,\r\n\t\t\t\t\t#rt-tpg-container-3456952100 .rt-read-more,\r\n\t\t\t\t\t#rt-tooltip-3456952100, #rt-tooltip-3456952100 .rt-tooltip-bottom:after{background-color:#d9017a;}#rt-tpg-container-3456952100 .rt-filter-item-wrap.rt-filter-button-wrap span.rt-filter-button-item,\r\n\t\t\t\t\t#rt-tpg-container-3456952100 .rt-layout-filter-container .rt-filter-sub-tax.sub-button-group .rt-filter-button-item{border-color:#d9017a;}#rt-tpg-container-3456952100.rt-tpg-container .layout17 .rt-holder .overlay a.tpg-zoom .fa{color:#d9017a;}#rt-tpg-container-3456952100 .rt-holder .read-more a {background-color:#d9017a;padding: 8px 15px;}#rt-tpg-container-3456952100 .pagination li.active span,\r\n\t\t\t\t\t#rt-tpg-container-3456952100 .pagination-list li.active span,\r\n\t\t\t\t\t#rt-tpg-container-3456952100 .rt-tpg-isotope-buttons button.selected,\r\n\t\t\t\t\t#rt-tpg-container-3456952100 .rt-filter-item-wrap.rt-filter-button-wrap span.rt-filter-button-item.selected,\r\n\t\t\t\t\t#rt-tpg-container-3456952100 .rt-layout-filter-container .rt-filter-sub-tax.sub-button-group .rt-filter-button-item.selected,\r\n\t\t\t\t\t#rt-tpg-container-3456952100.rt-tpg-container .rt-pagination-wrap .rt-page-numbers .paginationjs .paginationjs-pages ul li.active>a,\r\n\t\t\t\t\t#rt-tpg-container-3456952100.rt-tpg-container .swiper-pagination-bullet.swiper-pagination-bullet-active-main{background-color:#8a1658;}#rt-tpg-container-3456952100 .rt-filter-item-wrap.rt-filter-button-wrap span.rt-filter-button-item.selected,\r\n\t\t\t\t\t#rt-tpg-container-3456952100 .rt-layout-filter-container .rt-filter-sub-tax.sub-button-group .rt-filter-button-item.selected,\r\n\t\t\t\t\t#rt-tpg-container-3456952100.rt-tpg-container .rt-pagination-wrap .rt-page-numbers .paginationjs .paginationjs-pages ul li.active>a{border-color:#8a1658;}#rt-tpg-container-3456952100 .pagination-list li a:hover,\r\n\t\t\t\t\t#rt-tpg-container-3456952100 .pagination li a:hover,\r\n\t\t\t\t\t#rt-tpg-container-3456952100 .rt-tpg-isotope-buttons button:hover,\r\n\t\t\t\t\t#rt-tpg-container-3456952100 .rt-holder .read-more a:hover,\r\n\t\t\t\t\t#rt-tpg-container-3456952100 .rt-tpg-utility .rt-tpg-load-more button:hover,\r\n\t\t\t\t\t#rt-tpg-container-3456952100.rt-tpg-container .swiper-pagination-bullet:hover,\r\n\t\t\t\t\t#rt-tpg-container-3456952100.rt-tpg-container .swiper-navigation .slider-btn:hover,\r\n\t\t\t\t\t#rt-tpg-container-3456952100 .wc1 .rt-holder .rt-img-holder .overlay .product-more ul li a:hover,\r\n\t\t\t\t\t#rt-tpg-container-3456952100 .wc2 .rt-detail .rt-wc-add-to-cart:hover,\r\n\t\t\t\t\t#rt-tpg-container-3456952100 .wc3 .rt-detail .rt-wc-add-to-cart:hover,\r\n\t\t\t\t\t#rt-tpg-container-3456952100 .wc4 .rt-detail .rt-wc-add-to-cart:hover,\r\n\t\t\t\t\t#rt-tpg-container-3456952100 .wc-carousel2 .rt-detail .rt-wc-add-to-cart:hover,\r\n\t\t\t\t\t#rt-tpg-container-3456952100 .wc-isotope2 .rt-detail .rt-wc-add-to-cart:hover,\r\n\t\t\t\t\t#rt-tpg-container-3456952100 .rt-layout-filter-container .rt-filter-wrap .rt-filter-item-wrap.rt-filter-dropdown-wrap .rt-filter-dropdown .rt-filter-dropdown-item:hover,\r\n\t\t\t\t\t#rt-tpg-container-3456952100 .rt-layout-filter-container .rt-filter-wrap .rt-filter-item-wrap.rt-filter-dropdown-wrap .rt-filter-dropdown .rt-filter-dropdown-item.selected,\r\n\t\t\t\t\t#rt-tpg-container-3456952100 .rt-filter-item-wrap.rt-filter-button-wrap span.rt-filter-button-item:hover,\r\n\t\t\t\t\t#rt-tpg-container-3456952100 .rt-layout-filter-container .rt-filter-sub-tax.sub-button-group .rt-filter-button-item:hover,\r\n\t\t\t\t\t#rt-tpg-container-3456952100.rt-tpg-container .rt-pagination-wrap .rt-page-numbers .paginationjs .paginationjs-pages ul li>a:hover,\r\n\t\t\t\t\t#rt-tpg-container-3456952100.rt-tpg-container .rt-pagination-wrap .rt-cb-page-prev-next > *:hover,\r\n\t\t\t\t\t#rt-tpg-container-3456952100.rt-tpg-container .rt-pagination-wrap  .rt-loadmore-btn:hover,\r\n\t\t\t\t\t#rt-tpg-container-3456952100 .rt-read-more:hover,\r\n\t\t\t\t\t#rt-tpg-container-3456952100 .rt-tpg-utility .rt-tpg-load-more button:hover{background-color:#e8038b;}#rt-tpg-container-3456952100 .rt-filter-item-wrap.rt-filter-button-wrap span.rt-filter-button-item:hover,\r\n\t\t\t\t\t\t#rt-tpg-container-3456952100 .rt-layout-filter-container .rt-filter-sub-tax.sub-button-group .rt-filter-button-item:hover,\r\n\t\t\t\t\t\t#rt-tpg-container-3456952100.rt-tpg-container .swiper-navigation .slider-btn:hover,\r\n\t\t\t\t\t\t#rt-tpg-container-3456952100.rt-tpg-container .rt-pagination-wrap .rt-page-numbers .paginationjs .paginationjs-pages ul li>a:hover{border-color:#e8038b;}#rt-tpg-container-3456952100.rt-tpg-container .layout17 .rt-holder .overlay a.tpg-zoom:hover .fa{color:#e8038b;}#rt-tpg-container-3456952100 .pagination-list li a,\r\n\t\t\t\t\t#rt-tpg-container-3456952100 .pagination li a,\r\n\t\t\t\t\t#rt-tpg-container-3456952100 .rt-tpg-isotope-buttons button,\r\n\t\t\t\t\t#rt-tpg-container-3456952100 .rt-holder .read-more a,\r\n\t\t\t\t\t#rt-tpg-container-3456952100 .rt-tpg-utility .rt-tpg-load-more button,\r\n\t\t\t\t\t#rt-tpg-container-3456952100.rt-tpg-container .swiper-navigation .slider-btn,\r\n\t\t\t\t\t#rt-tpg-container-3456952100 .wc1 .rt-holder .rt-img-holder .overlay .product-more ul li a,\r\n\t\t\t\t\t#rt-tpg-container-3456952100 .edd1 .rt-holder .rt-img-holder .overlay .product-more ul li a,\r\n\t\t\t\t\t#rt-tpg-container-3456952100 .wc2 .rt-detail .rt-wc-add-to-cart,\r\n\t\t\t\t\t#rt-tpg-container-3456952100 .wc3 .rt-detail .rt-wc-add-to-cart,\r\n\t\t\t\t\t#rt-tpg-container-3456952100 .edd2 .rt-detail .rt-wc-add-to-cart,\r\n\t\t\t\t\t#rt-tpg-container-3456952100 .wc4 .rt-detail .rt-wc-add-to-cart,\r\n\t\t\t\t\t#rt-tpg-container-3456952100 .edd3 .rt-detail .rt-wc-add-to-cart,\r\n\t\t\t\t\t#rt-tpg-container-3456952100 .wc-carousel2 .rt-detail .rt-wc-add-to-cart,\r\n\t\t\t\t\t#rt-tpg-container-3456952100 .wc-isotope2 .rt-detail .rt-wc-add-to-cart,\r\n\t\t\t\t\t#rt-tpg-container-3456952100 .rt-tpg-utility .rt-tpg-load-more button,\r\n\t\t\t\t\t#rt-tooltip-3456952100,\r\n\t\t\t\t\t#rt-tpg-container-3456952100 .rt-filter-item-wrap.rt-filter-button-wrap span.rt-filter-button-item,\r\n\t\t\t\t\t#rt-tpg-container-3456952100 .rt-layout-filter-container .rt-filter-sub-tax.sub-button-group .rt-filter-button-item,\r\n\t\t\t\t\t#rt-tpg-container-3456952100 .rt-layout-filter-container .rt-filter-wrap .rt-filter-item-wrap.rt-sort-order-action,\r\n\t\t\t\t\t#rt-tpg-container-3456952100 .rt-layout-filter-container .rt-filter-wrap .rt-filter-item-wrap.rt-filter-dropdown-wrap .rt-filter-dropdown .rt-filter-dropdown-item,\r\n\t\t\t\t\t#rt-tpg-container-3456952100.rt-tpg-container .rt-pagination-wrap .rt-page-numbers .paginationjs .paginationjs-pages ul li>a,\r\n\t\t\t\t\t#rt-tpg-container-3456952100.rt-tpg-container .rt-pagination-wrap .rt-cb-page-prev-next > *,\r\n\t\t\t\t\t#rt-tpg-container-3456952100.rt-tpg-container .rt-pagination-wrap  .rt-loadmore-btn,\r\n\t\t\t\t\t#rt-tpg-container-3456952100 .rt-read-more,\r\n\t\t\t\t\t#rt-tooltip-3456952100 .rt-tooltip-bottom:after{color:#ffffff;}#rt-tpg-container-3456952100 .read-more a{border-radius:px;}#rt-tpg-container-3456952100 .rt-img-holder img.rt-img-responsive,#rt-tpg-container-3456952100 .rt-img-holder,\r\n\t\t\t\t\t#rt-tpg-container-3456952100 .rt-post-overlay .post-img,\r\n\t\t\t\t\t#rt-tpg-container-3456952100 .post-sm .post-img,\r\n\t\t\t\t\t#rt-tpg-container-3456952100 .rt-post-grid .post-img,\r\n\t\t\t\t\t#rt-tpg-container-3456952100 .post-img img {border-radius:px;}#rt-tpg-container-3456952100 .layout2 .rt-holder h2.entry-title,\r\n\t\t\t\t\t#rt-tpg-container-3456952100 .layout2 .rt-holder h3.entry-title,\r\n\t\t\t\t\t#rt-tpg-container-3456952100 .layout2 .rt-holder h4.entry-title,\r\n\t\t\t\t\t#rt-tpg-container-3456952100 .layout2 .rt-holder h2.entry-title a,\r\n\t\t\t\t\t#rt-tpg-container-3456952100 .layout2 .rt-holder h3.entry-title a,\r\n\t\t\t\t\t#rt-tpg-container-3456952100 .layout2 .rt-holder h4.entry-title a,\r\n\t\t\t\t\t#rt-tpg-container-3456952100 .rt-holder .rt-woo-info h2 a,\r\n\t\t\t\t\t#rt-tpg-container-3456952100 .rt-holder .rt-woo-info h3 a,\r\n\t\t\t\t\t#rt-tpg-container-3456952100 .rt-holder .rt-woo-info h4 a,\r\n\t\t\t\t\t#rt-tpg-container-3456952100 .post-content .post-title,\r\n\t\t\t\t\t#rt-tpg-container-3456952100 .rt-post-grid .post-title,\r\n\t\t\t\t\t#rt-tpg-container-3456952100 .rt-post-grid .post-title a,\r\n\t\t\t\t\t#rt-tpg-container-3456952100 .post-content .post-title a,\r\n\t\t\t\t\t#rt-tpg-container-3456952100 .rt-holder .rt-woo-info h2,\r\n\t\t\t\t\t#rt-tpg-container-3456952100 .rt-holder .rt-woo-info h3,\r\n\t\t\t\t\t#rt-tpg-container-3456952100 .rt-holder .rt-woo-info h4{color:#000000;}<\/style><div class='rt-container-fluid rt-tpg-container tpg-shortcode-main-wrapper ' id='rt-tpg-container-3456952100'   data-layout='layout2' data-grid-style='even' data-desktop-col='1'  data-tab-col='2'  data-mobile-col='1' data-sc-id='17525'><div data-title='Loading ...' class='rt-row rt-content-loader layout2 tpg-even '><div class=\"rt-col-md-12 rt-col-sm-6 rt-col-xs-12 even-grid-item rt-grid-item\" data-id=\"20841\"><div class=\"rt-holder\"><div class=\"rt-row\"><div class='rt-col-sm-1 rt-col-xs-12 '><div class=\"rt-img-holder\"><a data-id='20841' class='' href='https:\/\/hogarsi.org\/en\/hogar-si-urges-all-public-administrations-to-take-measures-to-eradicate-homelessness-in-the-light-of-the-alarming-new-official-data\/'><img width=\"300\" height=\"169\" src=\"https:\/\/hogarsi.org\/en\/wp-content\/uploads\/2022\/10\/INE-300x169.png\" class=\"rt-img-responsive \" alt=\"\" \/><\/a><\/div><\/div><div class='rt-col-sm-11 rt-col-xs-12 '><div class='rt-detail'><h3 class=\"entry-title\"><a data-id=\"20841\" class=\"\" href=\"https:\/\/hogarsi.org\/en\/hogar-si-urges-all-public-administrations-to-take-measures-to-eradicate-homelessness-in-the-light-of-the-alarming-new-official-data\/\">HOGAR S\u00cd urges all public administrations to take measures to eradicate homelessness in the light of the alarming new official data.<\/a><\/h3><div class='tpg-excerpt'>The INE (National Statistical Institute) has published, after a decade, the data of the survey on homelessness in Spain. The total number of people included in the survey is 28,552. However, this figure could be 30% higher, according to HOGAR S\u00cd estimates, since it does not include those people who live permanently on the street,... ...<\/div><span class='read-more '><a data-id='20841' class='' href='https:\/\/hogarsi.org\/en\/hogar-si-urges-all-public-administrations-to-take-measures-to-eradicate-homelessness-in-the-light-of-the-alarming-new-official-data\/'>Leer m\u00e1s<\/a><\/span><\/div><\/div><\/div><\/div><\/div><div class=\"rt-col-md-12 rt-col-sm-6 rt-col-xs-12 even-grid-item rt-grid-item\" data-id=\"18918\"><div class=\"rt-holder\"><div class=\"rt-row\"><div class='rt-col-xs-12'><div class='rt-detail'><h3 class=\"entry-title\"><a data-id=\"18918\" class=\"\" href=\"https:\/\/hogarsi.org\/en\/rais-muestra-su-dolor-e-indignacion-ante-la-muerte-de-un-vecino-de-alicante-que-vivia-en-la-calle\/\">RAIS muestra su dolor e indignaci\u00f3n ante la muerte de un vecino de Alicante que viv\u00eda en la calle<\/a><\/h3><div class='tpg-excerpt'>En Espa\u00f1a, cada seis d\u00edas muere una persona sin hogar en la calle. El pasado 21 de noviembre, un hombre de unos 75 a\u00f1os ha aparecido muerto en un parque de Alicante. Desde RAIS Fundaci\u00f3n queremos mostrar nuestro dolor e indignaci\u00f3n ante la muerte de esta persona sin hogar en la calle. Vivir en la... ...<\/div><span class='read-more '><a data-id='18918' class='' href='https:\/\/hogarsi.org\/en\/rais-muestra-su-dolor-e-indignacion-ante-la-muerte-de-un-vecino-de-alicante-que-vivia-en-la-calle\/'>Leer m\u00e1s<\/a><\/span><\/div><\/div><\/div><\/div><\/div><div class=\"rt-col-md-12 rt-col-sm-6 rt-col-xs-12 even-grid-item rt-grid-item\" data-id=\"18890\"><div class=\"rt-holder\"><div class=\"rt-row\"><div class='rt-col-xs-12'><div class='rt-detail'><h3 class=\"entry-title\"><a data-id=\"18890\" class=\"\" href=\"https:\/\/hogarsi.org\/en\/sinhogarismoenlaagenda\/\">#SinhogarismoEnLaAgenda<\/a><\/h3><div class='tpg-excerpt'>Ronda de contactos con los grupos parlamentarios del Congreso de los Diputados Vivir en la calle es la forma m\u00e1s extrema y violenta de exclusi\u00f3n social. Las consecuencias de carecer de vivienda derivan en la vulneraci\u00f3n de otros derechos de ciudadan\u00eda como son el derecho a una vida digna, la seguridad, el derecho a la... ...<\/div><span class='read-more '><a data-id='18890' class='' href='https:\/\/hogarsi.org\/en\/sinhogarismoenlaagenda\/'>Leer m\u00e1s<\/a><\/span><\/div><\/div><\/div><\/div><\/div><\/div><\/div>\n<p>[\/vc_column_text][\/vc_column][\/vc_row][vc_row content_width=&#8221;grid&#8221; css=&#8221;.vc_custom_1609148129442{padding-top: 50px !important;background-color: #000000 !important;}&#8221;][vc_column][vc_single_image image=&#8221;20237&#8243; img_size=&#8221;medium&#8221; onclick=&#8221;custom_link&#8221; link=&#8221;http:\/\/hogarsi.org\/&#8221;][\/vc_column][\/vc_row]<\/p>\n","protected":false},"excerpt":{"rendered":"<p>[vc_row row_type=&#8221;parallax&#8221; content_width=&#8221;grid&#8221; full_screen_section_height=&#8221;no&#8221; css=&#8221;.vc_custom_1691147289098{background: #dbdbdb url(http:\/\/hogarsi.org\/wp-content\/uploads\/2017\/09\/F4_Pilar_72pp.jpg?id=17516) !important;background-position: center !important;background-repeat: no-repeat !important;background-size: cover !important;}&#8221; el_class=&#8221;altu4 header-landing&#8221;][vc_column width=&#8221;1\/3&#8243;][vc_row_inner][vc_column_inner el_class=&#8221;stop&#8221;][vc_column_text] PRESS ROOM [\/vc_column_text][\/vc_column_inner][\/vc_row_inner][\/vc_column][vc_column width=&#8221;1\/3&#8243;][\/vc_column][vc_column width=&#8221;1\/3&#8243;][\/vc_column][\/vc_row][vc_row css=&#8221;.vc_custom_1504259600154{background-color: #dbdbdb !important;}&#8221;][vc_column width=&#8221;1\/4&#8243;][\/vc_column][vc_column width=&#8221;1\/2&#8243;][vc_empty_space][vc_column_text] Disseminate homelessness, we need your voice [\/vc_column_text][vc_empty_space][vc_column_text] This space is reserved for professionals of the media and includes different materials (press releases, events agenda, notes\u2026) to facilitate&#8230;<\/p>\n","protected":false},"author":14,"featured_media":0,"parent":0,"menu_order":0,"comment_status":"closed","ping_status":"closed","template":"full-width.php","meta":{"_mi_skip_tracking":false},"yoast_head":"<!-- This site is optimized with the Yoast SEO plugin v16.5 - https:\/\/yoast.com\/wordpress\/plugins\/seo\/ -->\n<title>Press room - HOGAR S\u00cd<\/title>\n<meta name=\"robots\" content=\"index, follow, max-snippet:-1, max-image-preview:large, max-video-preview:-1\" \/>\n<link rel=\"canonical\" href=\"https:\/\/hogarsi.org\/en\/press-room\/\" \/>\n<meta property=\"og:locale\" content=\"es_ES\" \/>\n<meta property=\"og:type\" content=\"article\" \/>\n<meta property=\"og:title\" content=\"Press room - HOGAR S\u00cd\" \/>\n<meta property=\"og:description\" content=\"[vc_row row_type=&#8221;parallax&#8221; content_width=&#8221;grid&#8221; full_screen_section_height=&#8221;no&#8221; css=&#8221;.vc_custom_1691147289098{background: #dbdbdb url(http:\/\/hogarsi.org\/wp-content\/uploads\/2017\/09\/F4_Pilar_72pp.jpg?id=17516) !important;background-position: center !important;background-repeat: no-repeat !important;background-size: cover !important;}&#8221; el_class=&#8221;altu4 header-landing&#8221;][vc_column width=&#8221;1\/3&#8243;][vc_row_inner][vc_column_inner el_class=&#8221;stop&#8221;][vc_column_text] PRESS ROOM [\/vc_column_text][\/vc_column_inner][\/vc_row_inner][\/vc_column][vc_column width=&#8221;1\/3&#8243;][\/vc_column][vc_column width=&#8221;1\/3&#8243;][\/vc_column][\/vc_row][vc_row css=&#8221;.vc_custom_1504259600154{background-color: #dbdbdb !important;}&#8221;][vc_column width=&#8221;1\/4&#8243;][\/vc_column][vc_column width=&#8221;1\/2&#8243;][vc_empty_space][vc_column_text] Disseminate homelessness, we need your voice [\/vc_column_text][vc_empty_space][vc_column_text] This space is reserved for professionals of the media and includes different materials (press releases, events agenda, notes\u2026) to facilitate...\" \/>\n<meta property=\"og:url\" content=\"https:\/\/hogarsi.org\/en\/press-room\/\" \/>\n<meta property=\"og:site_name\" content=\"HOGAR S\u00cd\" \/>\n<meta property=\"article:modified_time\" content=\"2023-08-04T11:08:11+00:00\" \/>\n<meta name=\"twitter:card\" content=\"summary_large_image\" \/>\n<meta name=\"twitter:label1\" content=\"Tiempo de lectura\" \/>\n\t<meta name=\"twitter:data1\" content=\"1 minuto\" \/>\n<script type=\"application\/ld+json\" class=\"yoast-schema-graph\">{\"@context\":\"https:\/\/schema.org\",\"@graph\":[{\"@type\":\"WebSite\",\"@id\":\"https:\/\/hogarsi.org\/en\/#website\",\"url\":\"https:\/\/hogarsi.org\/en\/\",\"name\":\"HOGAR S\\u00cd\",\"description\":\"HOGAR S\\u00cd\",\"potentialAction\":[{\"@type\":\"SearchAction\",\"target\":\"https:\/\/hogarsi.org\/en\/?s={search_term_string}\",\"query-input\":\"required name=search_term_string\"}],\"inLanguage\":\"es\"},{\"@type\":\"WebPage\",\"@id\":\"https:\/\/hogarsi.org\/en\/press-room\/#webpage\",\"url\":\"https:\/\/hogarsi.org\/en\/press-room\/\",\"name\":\"Press room - HOGAR S\\u00cd\",\"isPartOf\":{\"@id\":\"https:\/\/hogarsi.org\/en\/#website\"},\"datePublished\":\"2017-09-06T11:16:23+00:00\",\"dateModified\":\"2023-08-04T11:08:11+00:00\",\"breadcrumb\":{\"@id\":\"https:\/\/hogarsi.org\/en\/press-room\/#breadcrumb\"},\"inLanguage\":\"es\",\"potentialAction\":[{\"@type\":\"ReadAction\",\"target\":[\"https:\/\/hogarsi.org\/en\/press-room\/\"]}]},{\"@type\":\"BreadcrumbList\",\"@id\":\"https:\/\/hogarsi.org\/en\/press-room\/#breadcrumb\",\"itemListElement\":[{\"@type\":\"ListItem\",\"position\":1,\"name\":\"Portada\",\"item\":\"https:\/\/hogarsi.org\/en\/\"},{\"@type\":\"ListItem\",\"position\":2,\"name\":\"Press room\"}]}]}<\/script>\n<!-- \/ Yoast SEO plugin. -->","_links":{"self":[{"href":"https:\/\/hogarsi.org\/en\/wp-json\/wp\/v2\/pages\/17514"}],"collection":[{"href":"https:\/\/hogarsi.org\/en\/wp-json\/wp\/v2\/pages"}],"about":[{"href":"https:\/\/hogarsi.org\/en\/wp-json\/wp\/v2\/types\/page"}],"author":[{"embeddable":true,"href":"https:\/\/hogarsi.org\/en\/wp-json\/wp\/v2\/users\/14"}],"replies":[{"embeddable":true,"href":"https:\/\/hogarsi.org\/en\/wp-json\/wp\/v2\/comments?post=17514"}],"version-history":[{"count":19,"href":"https:\/\/hogarsi.org\/en\/wp-json\/wp\/v2\/pages\/17514\/revisions"}],"predecessor-version":[{"id":20874,"href":"https:\/\/hogarsi.org\/en\/wp-json\/wp\/v2\/pages\/17514\/revisions\/20874"}],"wp:attachment":[{"href":"https:\/\/hogarsi.org\/en\/wp-json\/wp\/v2\/media?parent=17514"}],"curies":[{"name":"wp","href":"https:\/\/api.w.org\/{rel}","templated":true}]}}