{"id":18070,"date":"2017-10-09T07:37:19","date_gmt":"2017-10-09T07:37:19","guid":{"rendered":"http:\/\/raisfundacion.org\/nuevaWeb\/?page_id=18070"},"modified":"2019-09-06T15:08:39","modified_gmt":"2019-09-06T15:08:39","slug":"training","status":"publish","type":"page","link":"https:\/\/hogarsi.org\/en\/training\/","title":{"rendered":"Training"},"content":{"rendered":"<p>[vc_row row_type=&#8221;parallax&#8221; content_aligment=&#8221;center&#8221; full_screen_section_height=&#8221;yes&#8221; vertically_align_content_in_middle=&#8221;yes&#8221; css=&#8221;.vc_custom_1516635606850{background: #dbdbdb url(https:\/\/hogarsi.org\/wp-content\/uploads\/2017\/08\/11.jpg?id=18126) !important;background-position: center !important;background-repeat: no-repeat !important;background-size: cover !important;}&#8221; el_class=&#8221;altu4&#8243;][vc_column width=&#8221;5\/12&#8243;][vc_row_inner][vc_column_inner width=&#8221;1\/4&#8243;][\/vc_column_inner][vc_column_inner el_class=&#8221;stop&#8221; width=&#8221;3\/4&#8243;][vc_column_text]<\/p>\n<h1 style=\"background-color: black !important;\">TRAINING<\/h1>\n<p>[\/vc_column_text][\/vc_column_inner][\/vc_row_inner][\/vc_column][vc_column width=&#8221;1\/4&#8243;][\/vc_column][vc_column width=&#8221;1\/3&#8243;][\/vc_column][\/vc_row][vc_row content_width=&#8221;grid&#8221; css=&#8221;.vc_custom_1511453583563{padding-top: 50px !important;padding-bottom: 50px !important;background-color: #dbdbdb !important;}&#8221;][vc_column width=&#8221;1\/12&#8243;][\/vc_column][vc_column width=&#8221;1\/4&#8243;][vc_column_text]<\/p>\n<h2 style=\"background: none; color: black; font-size: 31px;\">NEW APPROACHES AND TOOLS TO ERADICATE HOMELESSNESS<\/h2>\n<p>[\/vc_column_text][\/vc_column][vc_column width=&#8221;7\/12&#8243; el_class=&#8221;margen&#8221;][vc_column_text]Since our origin, we carry out training actions addressed to social intervention professionals in different places of the Spanish geography.<\/p>\n<p>We foster training and the dissemination of knowledge on the methodologies we implement in our programs, starting from our experience in our everyday work and from the mastering of the theoretical base.[\/vc_column_text][\/vc_column][vc_column width=&#8221;1\/12&#8243;][\/vc_column][\/vc_row][vc_row content_width=&#8221;grid&#8221; css=&#8221;.vc_custom_1512404892783{padding-top: 50px !important;padding-bottom: 50px !important;background-color: #dbdbdb !important;}&#8221; el_class=&#8221;ocultar&#8221;][vc_column][vc_row_inner][vc_column_inner][vc_column_text]<\/p>\n<h3 style=\"text-align: center;\">Curso Housing First<\/h3>\n<p>[\/vc_column_text][vc_empty_space][\/vc_column_inner][vc_column_inner width=&#8221;1\/4&#8243;][vc_column_text]<\/p>\n<h3 style=\"text-align: right;\">VALENCIA<\/h3>\n<p>[\/vc_column_text][\/vc_column_inner][vc_column_inner width=&#8221;3\/4&#8243;][vc_column_text]Fechas del curso:<br \/>\n-Parte online: del 26 de octubre al 30 de noviembre de 2017<br \/>\n-Parte presencial:<br \/>\n10 de noviembre: 9.00h a 14.00 y de 15.30 a 18.00h.<br \/>\n17 de noviembre: 9.00h a 14.00 y de 15.30 a 18.00h.<br \/>\n18 de noviembre: 9.00h a 14.00h.[\/vc_column_text][vc_empty_space height=&#8221;50px&#8221;]<div class=\"edgtf-separator-holder clearfix  edgtf-separator-center edgtf-separator-full-width\">\n\t<div class=\"edgtf-separator\" style=\"border-color: #d9017a;border-bottom-width: 10pxpx\"><\/div>\n<\/div>\n[\/vc_column_inner][\/vc_row_inner][vc_empty_space height=&#8221;50px&#8221;][vc_row_inner][vc_column_inner width=&#8221;1\/4&#8243;][vc_column_text]<\/p>\n<h3 style=\"text-align: right;\">MADRID<\/h3>\n<p>[\/vc_column_text][\/vc_column_inner][vc_column_inner width=&#8221;3\/4&#8243;][vc_column_text]Fechas del curso:<br \/>\n-Parte online: del 9 de noviembre al 14\u00a0 de diciembre de 2017.<br \/>\n-Parte presencial:<br \/>\n24 de noviembre: 9.00h a 14.00 y de 15.30 a 18.00h.<br \/>\n1 de diciembre: 9.00h a 14.00 y de 15.30 a 18.00h.<br \/>\n2 de diciembre: 9.00h a 14.00h.[\/vc_column_text][vc_empty_space height=&#8221;50px&#8221;][\/vc_column_inner][\/vc_row_inner][\/vc_column][\/vc_row][vc_row css=&#8221;.vc_custom_1512404591787{padding-top: 75px !important;padding-bottom: 75px !important;background-image: url(https:\/\/hogarsi.org\/wp-content\/uploads\/2017\/10\/foto2_formacion-1.jpg?id=19010) !important;background-position: center !important;background-repeat: no-repeat !important;background-size: cover !important;}&#8221;][vc_column width=&#8221;1\/6&#8243;][\/vc_column][vc_column width=&#8221;2\/3&#8243;][vc_row_inner][vc_column_inner width=&#8221;1\/6&#8243;][\/vc_column_inner][vc_column_inner width=&#8221;2\/3&#8243;][vc_empty_space height=&#8221;50px&#8221;][vc_column_text]<\/p>\n<p style=\"color: white; text-align: center;\">If you want to know <strong>amore about<\/strong> the training actions we can provide to your entity, please contact us.<\/p>\n<p>[\/vc_column_text][vc_empty_space height=&#8221;50px&#8221;][\/vc_column_inner][vc_column_inner width=&#8221;1\/6&#8243;][\/vc_column_inner][\/vc_row_inner][vc_row_inner][vc_column_inner width=&#8221;1\/3&#8243;][\/vc_column_inner][vc_column_inner width=&#8221;1\/3&#8243;][vc_column_text]<\/p>\n<p style=\"text-align: center;\"><a class=\"button button--rosa button--border-thin button--text-thick button--text-upper button--size-s\" style=\"padding: 10px; width: 100%;\" href=\"mailto: formacion@hogarsi.org \u201d\" data-text=\"INFORM\">INFORM<\/a><\/p>\n<p>[\/vc_column_text][\/vc_column_inner][vc_column_inner width=&#8221;1\/3&#8243;][\/vc_column_inner][\/vc_row_inner][vc_empty_space][\/vc_column][vc_column width=&#8221;1\/6&#8243;][\/vc_column][\/vc_row][vc_row content_aligment=&#8221;center&#8221; css=&#8221;.vc_custom_1512404909431{padding-top: 100px !important;padding-bottom: 100px !important;background-color: #1b1b1b !important;background-position: center !important;background-repeat: no-repeat !important;background-size: cover !important;}&#8221; el_class=&#8221;ocultar&#8221;][vc_column width=&#8221;1\/12&#8243;][\/vc_column][vc_column width=&#8221;5\/6&#8243;][vc_row_inner][vc_column_inner width=&#8221;1\/4&#8243;][\/vc_column_inner][vc_column_inner width=&#8221;1\/2&#8243;][vc_column_text]<\/p>\n<p style=\"background: none; padding: 15px; color: white;\">Precio: 363\u20ac (IVA incluido)* *Disponemos de un sistema de becas financiado por la Obra Social &#8220;la Caixa&#8221; (becas parciales en cada edici\u00f3n, 50% del pago total del curso). Las becas se otorgar\u00e1n por orden de llegada hasta el n\u00famero total de becas disponibles.<\/p>\n<p style=\"background: none; padding: 8px; color: white;\">Contacta con el \u00e1rea de formaci\u00f3n para hacer consultas y ampliar informaci\u00f3n:\u00a0formacion@hogarsi.org\u00a0\u00a0o bien en el tel\u00e9fono 619 867 895.<\/p>\n<p>[\/vc_column_text][\/vc_column_inner][vc_column_inner width=&#8221;1\/4&#8243;][\/vc_column_inner][\/vc_row_inner][vc_empty_space][vc_row_inner content_aligment=&#8221;center&#8221;][vc_column_inner width=&#8221;1\/3&#8243;][\/vc_column_inner][vc_column_inner width=&#8221;1\/3&#8243;][\/vc_column_inner][vc_column_inner width=&#8221;1\/3&#8243;][\/vc_column_inner][\/vc_row_inner][\/vc_column][vc_column width=&#8221;1\/12&#8243;][\/vc_column][\/vc_row][vc_row content_width=&#8221;grid&#8221; css=&#8221;.vc_custom_1504602691582{padding-top: 50px !important;background-color: #000000 !important;}&#8221;][vc_column][vc_single_image image=&#8221;20237&#8243; img_size=&#8221;medium&#8221; onclick=&#8221;custom_link&#8221; link=&#8221;https:\/\/hogarsi.org\/&#8221;][\/vc_column][\/vc_row]<\/p>\n","protected":false},"excerpt":{"rendered":"<p>[vc_row row_type=&#8221;parallax&#8221; content_aligment=&#8221;center&#8221; full_screen_section_height=&#8221;yes&#8221; vertically_align_content_in_middle=&#8221;yes&#8221; css=&#8221;.vc_custom_1516635606850{background: #dbdbdb url(https:\/\/hogarsi.org\/wp-content\/uploads\/2017\/08\/11.jpg?id=18126) !important;background-position: center !important;background-repeat: no-repeat !important;background-size: cover !important;}&#8221; el_class=&#8221;altu4&#8243;][vc_column width=&#8221;5\/12&#8243;][vc_row_inner][vc_column_inner width=&#8221;1\/4&#8243;][\/vc_column_inner][vc_column_inner el_class=&#8221;stop&#8221; width=&#8221;3\/4&#8243;][vc_column_text] TRAINING [\/vc_column_text][\/vc_column_inner][\/vc_row_inner][\/vc_column][vc_column width=&#8221;1\/4&#8243;][\/vc_column][vc_column width=&#8221;1\/3&#8243;][\/vc_column][\/vc_row][vc_row content_width=&#8221;grid&#8221; css=&#8221;.vc_custom_1511453583563{padding-top: 50px !important;padding-bottom: 50px !important;background-color: #dbdbdb !important;}&#8221;][vc_column width=&#8221;1\/12&#8243;][\/vc_column][vc_column width=&#8221;1\/4&#8243;][vc_column_text] NEW APPROACHES AND TOOLS TO ERADICATE HOMELESSNESS [\/vc_column_text][\/vc_column][vc_column width=&#8221;7\/12&#8243; el_class=&#8221;margen&#8221;][vc_column_text]Since our origin, we carry out training actions addressed to social intervention&#8230;<\/p>\n","protected":false},"author":14,"featured_media":0,"parent":0,"menu_order":0,"comment_status":"closed","ping_status":"closed","template":"full-width.php","meta":{"_mi_skip_tracking":false},"yoast_head":"<!-- This site is optimized with the Yoast SEO plugin v16.5 - https:\/\/yoast.com\/wordpress\/plugins\/seo\/ -->\n<title>Training - HOGAR S\u00cd<\/title>\n<meta name=\"description\" content=\"New approaches and tools to eradicate homelessness.\" \/>\n<meta name=\"robots\" content=\"index, follow, max-snippet:-1, max-image-preview:large, max-video-preview:-1\" \/>\n<link rel=\"canonical\" href=\"https:\/\/hogarsi.org\/en\/training\/\" \/>\n<meta property=\"og:locale\" content=\"es_ES\" \/>\n<meta property=\"og:type\" content=\"article\" \/>\n<meta property=\"og:title\" content=\"Training - HOGAR S\u00cd\" \/>\n<meta property=\"og:description\" content=\"New approaches and tools to eradicate homelessness.\" \/>\n<meta property=\"og:url\" content=\"https:\/\/hogarsi.org\/en\/training\/\" \/>\n<meta property=\"og:site_name\" content=\"HOGAR S\u00cd\" \/>\n<meta property=\"article:modified_time\" content=\"2019-09-06T15:08:39+00:00\" \/>\n<meta name=\"twitter:card\" content=\"summary_large_image\" \/>\n<meta name=\"twitter:label1\" content=\"Tiempo de lectura\" \/>\n\t<meta name=\"twitter:data1\" content=\"4 minutos\" \/>\n<script type=\"application\/ld+json\" class=\"yoast-schema-graph\">{\"@context\":\"https:\/\/schema.org\",\"@graph\":[{\"@type\":\"WebSite\",\"@id\":\"https:\/\/hogarsi.org\/en\/#website\",\"url\":\"https:\/\/hogarsi.org\/en\/\",\"name\":\"HOGAR S\\u00cd\",\"description\":\"HOGAR S\\u00cd\",\"potentialAction\":[{\"@type\":\"SearchAction\",\"target\":\"https:\/\/hogarsi.org\/en\/?s={search_term_string}\",\"query-input\":\"required name=search_term_string\"}],\"inLanguage\":\"es\"},{\"@type\":\"WebPage\",\"@id\":\"https:\/\/hogarsi.org\/en\/training\/#webpage\",\"url\":\"https:\/\/hogarsi.org\/en\/training\/\",\"name\":\"Training - HOGAR S\\u00cd\",\"isPartOf\":{\"@id\":\"https:\/\/hogarsi.org\/en\/#website\"},\"datePublished\":\"2017-10-09T07:37:19+00:00\",\"dateModified\":\"2019-09-06T15:08:39+00:00\",\"description\":\"New approaches and tools to eradicate homelessness.\",\"breadcrumb\":{\"@id\":\"https:\/\/hogarsi.org\/en\/training\/#breadcrumb\"},\"inLanguage\":\"es\",\"potentialAction\":[{\"@type\":\"ReadAction\",\"target\":[\"https:\/\/hogarsi.org\/en\/training\/\"]}]},{\"@type\":\"BreadcrumbList\",\"@id\":\"https:\/\/hogarsi.org\/en\/training\/#breadcrumb\",\"itemListElement\":[{\"@type\":\"ListItem\",\"position\":1,\"name\":\"Portada\",\"item\":\"https:\/\/hogarsi.org\/en\/\"},{\"@type\":\"ListItem\",\"position\":2,\"name\":\"Training\"}]}]}<\/script>\n<!-- \/ Yoast SEO plugin. -->","_links":{"self":[{"href":"https:\/\/hogarsi.org\/en\/wp-json\/wp\/v2\/pages\/18070"}],"collection":[{"href":"https:\/\/hogarsi.org\/en\/wp-json\/wp\/v2\/pages"}],"about":[{"href":"https:\/\/hogarsi.org\/en\/wp-json\/wp\/v2\/types\/page"}],"author":[{"embeddable":true,"href":"https:\/\/hogarsi.org\/en\/wp-json\/wp\/v2\/users\/14"}],"replies":[{"embeddable":true,"href":"https:\/\/hogarsi.org\/en\/wp-json\/wp\/v2\/comments?post=18070"}],"version-history":[{"count":36,"href":"https:\/\/hogarsi.org\/en\/wp-json\/wp\/v2\/pages\/18070\/revisions"}],"predecessor-version":[{"id":20324,"href":"https:\/\/hogarsi.org\/en\/wp-json\/wp\/v2\/pages\/18070\/revisions\/20324"}],"wp:attachment":[{"href":"https:\/\/hogarsi.org\/en\/wp-json\/wp\/v2\/media?parent=18070"}],"curies":[{"name":"wp","href":"https:\/\/api.w.org\/{rel}","templated":true}]}}